{"id":50394,"date":"2026-04-19T12:08:44","date_gmt":"2026-04-19T10:08:44","guid":{"rendered":"https:\/\/milin.pl\/?post_type=product&#038;p=50394"},"modified":"2026-04-19T12:12:00","modified_gmt":"2026-04-19T10:12:00","slug":"comet-moth-kopia","status":"publish","type":"product","link":"https:\/\/milin.pl\/fr\/produkt\/comet-moth-kopia\/","title":{"rendered":"Six-spot Burnet"},"content":{"rendered":"","protected":false},"excerpt":{"rendered":"<p data-start=\"87\" data-end=\"169\">Des papillons en bois qui cr\u00e9ent un v\u00e9ritable effet \u00ab wow \u00bb d\u00e8s le premier regard.<\/p>\n<p data-start=\"171\" data-end=\"502\">Ce n\u2019est pas une simple d\u00e9coration \u2013 c\u2019est un d\u00e9tail qui transforme l\u2019ambiance de toute la pi\u00e8ce. Fabriqu\u00e9s en contreplaqu\u00e9 de bouleau de haute qualit\u00e9 et dot\u00e9s d\u2019un imprim\u00e9 aux couleurs intenses et durables, ils associent mati\u00e8re naturelle et design moderne. Le r\u00e9sultat ? Une d\u00e9coration l\u00e9g\u00e8re, \u00e9l\u00e9gante et loin d\u2019\u00eatre ordinaire.<\/p>\n<p data-start=\"504\" data-end=\"858\">L\u2019inspiration vient d\u2019un instant fugace \u2013 celui o\u00f9 le papillon semble suspendu dans l\u2019air. Nous avons voulu capturer ce moment et l\u2019apporter sur votre mur. Ainsi, votre int\u00e9rieur gagne non seulement en esth\u00e9tique, mais aussi en mouvement, en fra\u00eecheur et en cette \u00e9nergie subtile que l\u2019on ne sait pas toujours nommer\u2026 mais que l\u2019on ressent imm\u00e9diatement.<\/p>\n<p data-start=\"860\" data-end=\"1088\">Ils s\u2019int\u00e8grent parfaitement partout :<br data-start=\"898\" data-end=\"901\" \/>\u2013 dans le salon, ils cr\u00e9ent l\u2019ambiance<br data-start=\"939\" data-end=\"942\" \/>\u2013 dans la chambre, ils apportent de la s\u00e9r\u00e9nit\u00e9<br data-start=\"989\" data-end=\"992\" \/>\u2013 dans une chambre d\u2019enfant, ils stimulent l\u2019imagination<br data-start=\"1048\" data-end=\"1051\" \/>\u2013 au bureau, ils cassent la routine<\/p>\n<p data-start=\"1090\" data-end=\"1230\">Exposez-en un seul pour un effet minimaliste et \u00e9l\u00e9gant, ou composez votre propre arrangement pour un mur digne d\u2019un magazine de d\u00e9coration.<\/p>\n<p data-start=\"1232\" data-end=\"1399\">Installation ? Ultra simple. Le set comprend un adh\u00e9sif de montage qui vous permet de fixer les papillons en quelques secondes \u2013 sans percer, sans outils, sans effort.<\/p>\n<p data-start=\"1401\" data-end=\"1560\">C\u2019est le choix id\u00e9al pour ceux qui aiment les objets avec du caract\u00e8re \u2013 des pi\u00e8ces qui ne sont pas \u00ab juste un produit \u00bb, mais qui font vraiment la diff\u00e9rence.<\/p>\n","protected":false},"featured_media":50282,"template":"","meta":{"_acf_changed":false},"product_brand":[],"product_cat":[],"product_tag":[],"class_list":{"0":"post-50394","1":"product","2":"type-product","3":"status-publish","4":"has-post-thumbnail","7":"first","8":"instock","9":"taxable","10":"shipping-taxable","11":"purchasable","12":"product-type-simple"},"acf":[],"_links":{"self":[{"href":"https:\/\/milin.pl\/fr\/wp-json\/wp\/v2\/product\/50394","targetHints":{"allow":["GET"]}}],"collection":[{"href":"https:\/\/milin.pl\/fr\/wp-json\/wp\/v2\/product"}],"about":[{"href":"https:\/\/milin.pl\/fr\/wp-json\/wp\/v2\/types\/product"}],"wp:featuredmedia":[{"embeddable":true,"href":"https:\/\/milin.pl\/fr\/wp-json\/wp\/v2\/media\/50282"}],"wp:attachment":[{"href":"https:\/\/milin.pl\/fr\/wp-json\/wp\/v2\/media?parent=50394"}],"wp:term":[{"taxonomy":"product_brand","embeddable":true,"href":"https:\/\/milin.pl\/fr\/wp-json\/wp\/v2\/product_brand?post=50394"},{"taxonomy":"product_cat","embeddable":true,"href":"https:\/\/milin.pl\/fr\/wp-json\/wp\/v2\/product_cat?post=50394"},{"taxonomy":"product_tag","embeddable":true,"href":"https:\/\/milin.pl\/fr\/wp-json\/wp\/v2\/product_tag?post=50394"}],"curies":[{"name":"wp","href":"https:\/\/api.w.org\/{rel}","templated":true}]}}